{"id":7007,"date":"2024-02-06T10:14:02","date_gmt":"2024-02-06T13:14:02","guid":{"rendered":"https:\/\/www-new.caja-notarial.org.ar\/?page_id=7007"},"modified":"2025-10-23T13:07:42","modified_gmt":"2025-10-23T16:07:42","slug":"telefonos-utiles","status":"publish","type":"page","link":"https:\/\/www.caja-notarial.org.ar\/index.php\/telefonos-utiles\/","title":{"rendered":"Tel\u00e9fonos \u00fatiles"},"content":{"rendered":"<p>[et_pb_section fb_built=&#8221;1&#8243; specialty=&#8221;on&#8221; _builder_version=&#8221;4.24.0&#8243; _module_preset=&#8221;default&#8221; custom_padding=&#8221;||26px|||&#8221; global_colors_info=&#8221;{}&#8221;][et_pb_column type=&#8221;1_2&#8243; _builder_version=&#8221;4.16&#8243; custom_padding=&#8221;|||&#8221; global_colors_info=&#8221;{}&#8221; custom_padding__hover=&#8221;|||&#8221;][ba_icon_box badge_offset_y=&#8221;16px&#8221; icon=&#8221;&#xf071;||fa||900&#8243; badge_text=&#8221;EMERGENCIAS Y RIESGO DE VIDA: &#8221; title=&#8221;<a href=%22tel:5555-1727%22 style=%22color:#ff7100; font-weight: bold;%22>5555-1727<\/a> \u00f3 <a href=%22tel:2821-7001%22 style=%22color:#ff7100; font-weight: bold;%22>2821-7001<\/a>&#8221; description=&#8221;<\/p>\n<p>Urgencias en territorio nacional (Fuera de CABA y GBA)<br \/>\n<a href=%22tel:0800-333-3169%22 style=%22color:#2ea3f2; font-weight: bold;%22>0800-333-3169<\/a> (Red Argentina de Salud)<br \/>\n&#8221; icon_color=&#8221;#000000&#8243; icon_spacing=&#8221;13px&#8221; badge_offset_y_tablet=&#8221;16px&#8221; badge_offset_y_phone=&#8221;-32px&#8221; badge_offset_y_last_edited=&#8221;on|phone&#8221; badge_padding_tablet=&#8221;&#8221; badge_padding_phone=&#8221;||5px||false|false&#8221; badge_padding_last_edited=&#8221;on|phone&#8221; _builder_version=&#8221;4.24.2&#8243; _module_preset=&#8221;default&#8221; title_font=&#8221;Barlow||||||||&#8221; description_font=&#8221;Barlow||||||||&#8221; description_line_height=&#8221;1.3em&#8221; badge_font=&#8221;Barlow||||||||&#8221; global_colors_info=&#8221;{}&#8221;][\/ba_icon_box][\/et_pb_column][et_pb_column type=&#8221;1_2&#8243; specialty_columns=&#8221;2&#8243; _builder_version=&#8221;4.16&#8243; custom_padding=&#8221;|||&#8221; global_colors_info=&#8221;{}&#8221; custom_padding__hover=&#8221;|||&#8221;][et_pb_row_inner disabled_on=&#8221;on|off|off&#8221; _builder_version=&#8221;4.24.0&#8243; _module_preset=&#8221;default&#8221; global_colors_info=&#8221;{}&#8221;][et_pb_column_inner saved_specialty_column_type=&#8221;1_2&#8243; _builder_version=&#8221;4.24.0&#8243; _module_preset=&#8221;default&#8221; global_colors_info=&#8221;{}&#8221;][ba_flipbox front_icon=&#8221;&#xf590;||fa||900&#8243; front_title=&#8221;URGENCIAS PSIQUI\u00c1TRICAS&#8221; back_title=&#8221;Centro Oro&#8221; back_description=&#8221;Lunes a viernes de 10 a 20 h<br \/>\n<a href=%22tel:4773-8289%22 style=%22color:#2ea3f2; font-weight: bold;%22;>4773-8289<\/a><a href=%22tel:4773-4037 %22 style=%22color:#2ea3f2; font-weight: bold%22;> \/ 4037<\/a><br \/>\nS\u00e1bado, domingo y feriados y lunes a viernes de 21 a 8 horas:<a href=%22tel:5555-1728%22 style=%22color:#2ea3f2; font-weight: bold%22;>5555-1728  (Mesa de ayuda)<\/a><br \/>\n&#8221; duration=&#8221;1000ms&#8221; front_padding=&#8221;0px|30px||30px|false|false&#8221; front_ct_padding=&#8221;0px|0px|0px|0px|false|false&#8221; front_padding_tablet=&#8221;0px|30px||30px|false|false&#8221; front_padding_phone=&#8221;||0px||false|false&#8221; front_padding_last_edited=&#8221;on|phone&#8221; _builder_version=&#8221;4.27.3&#8243; _module_preset=&#8221;default&#8221; front_title_font=&#8221;Barlow||||||||&#8221; back_title_font=&#8221;Barlow||||||||&#8221; back_title_font_size=&#8221;24px&#8221; back_description_font=&#8221;Barlow||||||||&#8221; back_description_font_size=&#8221;24px&#8221; front_subtitle_font_size=&#8221;17px&#8221; global_colors_info=&#8221;{}&#8221;][\/ba_flipbox][\/et_pb_column_inner][\/et_pb_row_inner][et_pb_row_inner disabled_on=&#8221;off|on|on&#8221; _builder_version=&#8221;4.24.2&#8243; _module_preset=&#8221;default&#8221; background_color=&#8221;#ededed&#8221; custom_margin=&#8221;||||false|false&#8221; custom_padding=&#8221;|2px||2px|false|false&#8221; global_colors_info=&#8221;{}&#8221;][et_pb_column_inner saved_specialty_column_type=&#8221;1_2&#8243; _builder_version=&#8221;4.24.2&#8243; _module_preset=&#8221;default&#8221; global_colors_info=&#8221;{}&#8221;][et_pb_text _builder_version=&#8221;4.27.3&#8243; _module_preset=&#8221;default&#8221; global_colors_info=&#8221;{}&#8221;]<\/p>\n<h3 style=\"text-align: center;\">URGENCIAS PSIQUI\u00c1TRICAS<\/h3>\n<p style=\"text-align: center;\"><strong>Centro Oro<\/strong><br \/>Lunes a viernes de 10 a 20 h<br \/><a href=\"tel:4773-8289\" style=\"color: #2ea3f2; font-weight: bold;\">4773-8289<\/a><a href=\"tel:4773-4037 \" style=\"color: #2ea3f2; font-weight: bold;\"> \/ 4037<\/a><br \/>S\u00e1bado, domingo y feriados y lunes a viernes de 21 a 8 horas:<br \/><a href=\"tel:5555-1728\" style=\"color: #2ea3f2; font-weight: bold;\">5555-1728 (Mesa de ayuda)<\/a><\/p>\n<p>[\/et_pb_text][\/et_pb_column_inner][\/et_pb_row_inner][\/et_pb_column][\/et_pb_section][et_pb_section fb_built=&#8221;1&#8243; custom_padding_last_edited=&#8221;on|phone&#8221; admin_label=&#8221;URGENCIAS ODONTOL\u00d3GICAS&#8221; _builder_version=&#8221;4.24.2&#8243; _module_preset=&#8221;default&#8221; background_enable_image=&#8221;off&#8221; custom_padding=&#8221;2px||18px|150px||&#8221; custom_padding_tablet=&#8221;2px||18px|150px||&#8221; custom_padding_phone=&#8221;2px|0px|18px|0px|false|false&#8221; global_colors_info=&#8221;{}&#8221;][et_pb_row column_structure=&#8221;1_4,3_4&#8243; custom_padding_last_edited=&#8221;on|phone&#8221; _builder_version=&#8221;4.24.2&#8243; _module_preset=&#8221;default&#8221; custom_margin_tablet=&#8221;&#8221; custom_margin_phone=&#8221;&#8221; custom_margin_last_edited=&#8221;on|phone&#8221; custom_padding=&#8221;0px||22px|||&#8221; custom_padding_tablet=&#8221;0px||22px|||&#8221; custom_padding_phone=&#8221;14px||||false|false&#8221; global_colors_info=&#8221;{}&#8221;][et_pb_column type=&#8221;1_4&#8243; _builder_version=&#8221;4.24.0&#8243; _module_preset=&#8221;default&#8221; global_colors_info=&#8221;{}&#8221;][et_pb_icon font_icon=&#8221;&#xf5c9;||fa||900&#8243; icon_color=&#8221;rgba(43,18,16,0.24)&#8221; _builder_version=&#8221;4.24.0&#8243; _module_preset=&#8221;default&#8221; global_colors_info=&#8221;{}&#8221;][\/et_pb_icon][\/et_pb_column][et_pb_column type=&#8221;3_4&#8243; _builder_version=&#8221;4.24.0&#8243; _module_preset=&#8221;default&#8221; global_colors_info=&#8221;{}&#8221;][et_pb_text content_tablet=&#8221;<\/p>\n<h5 style=%22text-align: left;%22>URGENCIAS ODONTOL\u00d3GICAS (<strong>Ciudad Aut\u00f3noma de Buenos Aires)<\/strong><\/h5>\n<p>&#8221; content_phone=&#8221;<\/p>\n<h5 style=%22text-align: center;%22>URGENCIAS ODONTOL\u00d3GICAS<br \/>(<strong>Ciudad Aut\u00f3noma de Buenos Aires)<\/strong><\/h5>\n<p>&#8221; content_last_edited=&#8221;on|phone&#8221; admin_label=&#8221;URGENCIAS ODONTOL\u00d3GICAS&#8221; _builder_version=&#8221;4.24.2&#8243; _module_preset=&#8221;default&#8221; text_font=&#8221;Barlow||||||||&#8221; header_font=&#8221;Barlow||||||||&#8221; header_3_font=&#8221;Barlow||||||||&#8221; header_5_font=&#8221;Barlow||||||||&#8221; header_5_line_height=&#8221;1.3em&#8221; custom_margin=&#8221;23px|||-10px||&#8221; header_5_text_align_tablet=&#8221;&#8221; header_5_text_align_phone=&#8221;&#8221; header_5_text_align_last_edited=&#8221;on|phone&#8221; header_5_font_size_tablet=&#8221;&#8221; header_5_font_size_phone=&#8221;18px&#8221; header_5_font_size_last_edited=&#8221;on|phone&#8221; global_colors_info=&#8221;{}&#8221;]<\/p>\n<h5 style=\"text-align: left;\">URGENCIAS ODONTOL\u00d3GICAS (<strong>Ciudad Aut\u00f3noma de Buenos Aires)<\/strong><\/h5>\n<p>[\/et_pb_text][\/et_pb_column][\/et_pb_row][et_pb_row column_structure=&#8221;2_5,3_5&#8243; disabled_on=&#8221;on|off|off&#8221; admin_label=&#8221;S.I.A.C.O. desktop&#8221; _builder_version=&#8221;4.24.2&#8243; _module_preset=&#8221;default&#8221; custom_padding=&#8221;3px|||||&#8221; global_colors_info=&#8221;{}&#8221;][et_pb_column type=&#8221;2_5&#8243; _builder_version=&#8221;4.24.0&#8243; _module_preset=&#8221;default&#8221; global_colors_info=&#8221;{}&#8221;][et_pb_text _builder_version=&#8221;4.24.0&#8243; _module_preset=&#8221;default&#8221; custom_margin=&#8221;||0px|||&#8221; global_colors_info=&#8221;{}&#8221;]<\/p>\n<p><strong>S.I.A.C.O. \u2013\u00a0<\/strong>\u00a0<\/p>\n<p>[\/et_pb_text][et_pb_text _builder_version=&#8221;4.24.0&#8243; _module_preset=&#8221;default&#8221; custom_margin=&#8221;||1px|||&#8221; global_colors_info=&#8221;{}&#8221;]<\/p>\n<p><strong>CONSULMED<\/strong>\u00a0\u2013 \u00a0<\/p>\n<p>[\/et_pb_text][et_pb_text _builder_version=&#8221;4.24.0&#8243; _module_preset=&#8221;default&#8221; global_colors_info=&#8221;{}&#8221;]<\/p>\n<p><strong>MB ODONTOLOGIA<\/strong>\u00a0\u2013 \u00a0<\/p>\n<p>[\/et_pb_text][\/et_pb_column][et_pb_column type=&#8221;3_5&#8243; _builder_version=&#8221;4.24.0&#8243; _module_preset=&#8221;default&#8221; global_colors_info=&#8221;{}&#8221;][et_pb_text _builder_version=&#8221;4.24.2&#8243; _module_preset=&#8221;default&#8221; custom_margin=&#8221;||1px|||&#8221; global_colors_info=&#8221;{}&#8221;]<\/p>\n<p>Sarmiento 746\u00a0 \u00a0 \u2013 <strong>Tel.<\/strong>\u00a0 <strong><a href=\"tel:5253-3400\">5253-3400<\/a> \/ <a href=\"tel:4819-%209600\">4819- 9600<\/a>&#8211;<\/strong> RETIRO<\/p>\n<p>[\/et_pb_text][et_pb_text _builder_version=&#8221;4.24.0&#8243; _module_preset=&#8221;default&#8221; custom_margin=&#8221;||0px|||&#8221; global_colors_info=&#8221;{}&#8221;]<\/p>\n<p>Ayacucho 1314 \u00a0 \u2013 <strong>\u00a0Tel.<\/strong><a href=\"tel:52174400\"><strong>\u00a05217-4400<\/strong><\/a>\u00a0\u2013 Recoleta<\/p>\n<p>[\/et_pb_text][et_pb_text _builder_version=&#8221;4.24.0&#8243; _module_preset=&#8221;default&#8221; global_colors_info=&#8221;{}&#8221;]<\/p>\n<p>Av. De Los Constituyente 4510 \u2013 <strong>Tel.<\/strong>\u00a0<strong><a href=\"tel:4573-3846\">4573-3846 <\/a>\/ <a href=\"tel:4573-2733\">2733 <\/a>\/ <a href=\"tel:4573-1939\">1939<\/a><\/strong>\u00a0\u2013 Villa del Parque<\/p>\n<p>[\/et_pb_text][\/et_pb_column][\/et_pb_row][et_pb_row disabled_on=&#8221;off|on|on&#8221; admin_label=&#8221;S.I.A.C.O. Cel&#8221; _builder_version=&#8221;4.24.2&#8243; _module_preset=&#8221;default&#8221; custom_padding=&#8221;2px|||||&#8221; global_colors_info=&#8221;{}&#8221;][et_pb_column type=&#8221;4_4&#8243; _builder_version=&#8221;4.24.2&#8243; _module_preset=&#8221;default&#8221; global_colors_info=&#8221;{}&#8221;][et_pb_text admin_label=&#8221;S.I.A.C.O.&#8221; _builder_version=&#8221;4.24.2&#8243; _module_preset=&#8221;default&#8221; global_colors_info=&#8221;{}&#8221;]<\/p>\n<div class=\"et_pb_module et_pb_text et_pb_text_1  et_pb_text_align_left et_pb_bg_layout_light\">\n<div class=\"et_pb_text_inner\">\n<p><strong>S.I.A.C.O. \u2013\u00a0<\/strong> Sarmiento 746\u00a0 \u00a0 \u2013 <strong>Tel.<\/strong>\u00a0 <strong><a href=\"tel:5253-3400\">5253-3400<\/a> \/ <a href=\"tel:4819-%209600\">4819- 9600<\/a>&#8211;<\/strong> RETIRO<\/p>\n<p><strong>CONSULMED<\/strong>\u00a0\u2013 Ayacucho 1314 \u00a0 \u2013\u00a0<strong>\u00a0Tel.<\/strong><a href=\"tel:52174400\"><strong>\u00a05217-4400<\/strong><\/a> \u2013 Recoleta<\/p>\n<p><strong>MB ODONTOLOGIA<\/strong>\u00a0\u2013 Av. De Los Constituyente 4510 \u2013\u00a0<strong>Tel.<\/strong>\u00a0<strong><a href=\"tel:4573-3846\">4573-3846\u00a0<\/a>\/\u00a0<a href=\"tel:4573-2733\">2733\u00a0<\/a>\/\u00a0<a href=\"tel:4573-1939\">1939<\/a><\/strong> \u2013 Villa del Parque<\/p>\n<\/div>\n<\/div>\n<p>[\/et_pb_text][\/et_pb_column][\/et_pb_row][\/et_pb_section][et_pb_section fb_built=&#8221;1&#8243; _builder_version=&#8221;4.24.2&#8243; _module_preset=&#8221;default&#8221; background_color=&#8221;RGBA(255,255,255,0)&#8221; custom_padding=&#8221;0px|||||&#8221; border_width_top=&#8221;3px&#8221; border_color_top=&#8221;#FF7100&#8243; global_colors_info=&#8221;{}&#8221;][et_pb_row _builder_version=&#8221;4.24.0&#8243; _module_preset=&#8221;default&#8221; custom_padding=&#8221;||24px|||&#8221; global_colors_info=&#8221;{}&#8221;][et_pb_column type=&#8221;4_4&#8243; _builder_version=&#8221;4.24.0&#8243; _module_preset=&#8221;default&#8221; global_colors_info=&#8221;{}&#8221;][et_pb_text admin_label=&#8221;Caja Notarial tel\u00e9fonos&#8221; _builder_version=&#8221;4.24.2&#8243; _module_preset=&#8221;default&#8221; header_3_font_size_tablet=&#8221;&#8221; header_3_font_size_phone=&#8221;32px&#8221; header_3_font_size_last_edited=&#8221;on|phone&#8221; header_5_font_size_tablet=&#8221;&#8221; header_5_font_size_phone=&#8221;22px&#8221; header_5_font_size_last_edited=&#8221;on|phone&#8221; global_colors_info=&#8221;{}&#8221;]<\/p>\n<h3 style=\"text-align: center;\">Caja Notarial<\/h3>\n<h5 style=\"text-align: center;\">R\u00e9gimen Asistencial<\/h5>\n<p>[\/et_pb_text][\/et_pb_column][\/et_pb_row][et_pb_row column_structure=&#8221;1_3,1_3,1_3&#8243; _builder_version=&#8221;4.24.0&#8243; _module_preset=&#8221;default&#8221; custom_padding=&#8221;2px||0px|||&#8221; global_colors_info=&#8221;{}&#8221;][et_pb_column type=&#8221;1_3&#8243; _builder_version=&#8221;4.24.0&#8243; _module_preset=&#8221;default&#8221; global_colors_info=&#8221;{}&#8221;][et_pb_text admin_label=&#8221;Jefatura de Departamento&#8221; _builder_version=&#8221;4.27.3&#8243; _module_preset=&#8221;default&#8221; global_colors_info=&#8221;{}&#8221;]<\/p>\n<p style=\"text-align: center;\"><strong>Jefatura de Departamento<br \/><\/strong>Dra. Leila POMERANTZ<\/p>\n<p>[\/et_pb_text][\/et_pb_column][et_pb_column type=&#8221;1_3&#8243; _builder_version=&#8221;4.24.0&#8243; _module_preset=&#8221;default&#8221; global_colors_info=&#8221;{}&#8221;][et_pb_text admin_label=&#8221;Jefatura de Divisi\u00f3n&#8221; _builder_version=&#8221;4.27.3&#8243; _module_preset=&#8221;default&#8221; global_colors_info=&#8221;{}&#8221;]<\/p>\n<p style=\"text-align: center;\"><strong>Jefatura de Asistencial Administrativa<\/strong><br \/>Dr. <a href=\"tel:4809-7185\"><strong><\/strong><\/a>Gonzalo CERVANTES<\/p>\n<p>&nbsp;<\/p>\n<p>[\/et_pb_text][\/et_pb_column][et_pb_column type=&#8221;1_3&#8243; _builder_version=&#8221;4.24.0&#8243; _module_preset=&#8221;default&#8221; global_colors_info=&#8221;{}&#8221;][et_pb_text admin_label=&#8221;Jefatura de Divisi\u00f3n&#8221; _builder_version=&#8221;4.27.3&#8243; _module_preset=&#8221;default&#8221; global_colors_info=&#8221;{}&#8221;]<\/p>\n<p style=\"text-align: center;\"><strong><span>Jefatura Auditor\u00eda M\u00e9dica<br \/><\/span><\/strong><span>Dra. Mariana Wasserman<\/span><\/p>\n<p>&nbsp;<\/p>\n<p>[\/et_pb_text][\/et_pb_column][\/et_pb_row][et_pb_row _builder_version=&#8221;4.24.0&#8243; _module_preset=&#8221;default&#8221; custom_padding=&#8221;7px|||||&#8221; global_colors_info=&#8221;{}&#8221;][et_pb_column type=&#8221;4_4&#8243; _builder_version=&#8221;4.24.0&#8243; _module_preset=&#8221;default&#8221; global_colors_info=&#8221;{}&#8221;][et_pb_text admin_label=&#8221;Recepci\u00f3n \/At. al Afiliado&#8221; _builder_version=&#8221;4.27.3&#8243; _module_preset=&#8221;default&#8221; hover_enabled=&#8221;0&#8243; global_colors_info=&#8221;{}&#8221; sticky_enabled=&#8221;0&#8243;]<\/p>\n<p style=\"text-align: center;\"><strong>Recepci\u00f3n \/At. al Afiliado<br \/><\/strong><em><span style=\"color: #000000;\">Afiliaciones, deudas, coberturas, credenciales.<br \/><\/span><\/em><a href=\"tel:4809-7188\"><strong>4809-7188<\/strong><\/a> \/ <a href=\"tel:4809-7034\"><strong>4809-7034<\/strong><\/a><br \/><a href=\"mailto:asistencialcn@colegio-escribanos.org.ar\">asistencialcn@colegio-escribanos.org.ar<\/a><\/p>\n<p style=\"text-align: center;\"><strong>Divisi\u00f3n Auditor\u00eda M\u00e9dica<br \/><\/strong><span style=\"color: #000000;\">Servicios a domicilio, discapacidad, salud mental.<\/span><br \/><a href=\"tel:4809-7085\"><strong>4809-7085 <\/strong><\/a><br \/><a href=\"mailto:auditoriaid@colegio-escribanos.org.ar\">auditoriaid@colegio-escribanos.org.ar<\/a><\/p>\n<p style=\"text-align: center;\"><strong>Odontolog\u00eda<br \/><\/strong><a href=\"tel:4809-7048\"><strong>4809-7048<\/strong><\/a><br \/><a href=\"mailto:odontologia@colegio-escribanos.org.ar\">odontologia@colegio-escribanos.org.ar<\/a><br \/><strong>Auditor\u00eda odontol\u00f3gica<br \/><\/strong>Dra. Maria Fernanda Manzanares<\/p>\n<p style=\"text-align: center;\"><strong>Recetas<br \/><\/strong><span style=\"color: #000000;\">Repetici\u00f3n de recetas, autorizaciones de medicamentos y vacunas<\/span><br \/><span style=\"color: #000000;\"><em>Plan materno infantil, medicamentos cr\u00f3nicos, \u00f3rdenes para chequeo de rutina, orientaci\u00f3n al afiliado.<\/em><\/span><strong><br \/><\/strong><a href=\"tel:4809-7095\"><strong>4809-7095<\/strong><\/a> \/ <a href=\"tel:4809-7132\"><strong>4809-7132<\/strong><\/a><br \/><a href=\"mailto:recrtascn@colegio-escribanos.org.ar\">recetascn@colegio-escribanos.org.ar<\/a><\/p>\n<p style=\"text-align: center;\"><strong>Autorizaciones<br \/><\/strong><span style=\"color: #000000;\">Internaciones, pedidos de autorizaci\u00f3n de estudios<\/span><strong><span style=\"color: #ffffff;\"><br \/><\/span><\/strong><a href=\"tel:4809-7123\"><strong>4809-7123<\/strong><\/a><br \/><a href=\"mailto:autorizaciones@colegio-escribanos.org.ar\">autorizaciones@colegio-escribanos.org.ar<\/a><\/p>\n<p style=\"text-align: center;\"><strong>Medicaci\u00f3n oncol\u00f3gica y especial<br \/><a href=\"tel:4809-7192\">4809-7192<\/a><\/strong><strong><u><br \/><\/u><\/strong><a href=\"mailto:medicamentos@colegio-escribanos.org.ar\">medicamentos@colegio-escribanos.org.ar<\/a><\/p>\n<p style=\"text-align: center;\"><strong>Convenios y contrataciones<br \/><\/strong><a href=\"tel:4809-7187\"><strong>4809-7187<\/strong><\/a> \/ <a href=\"tel:4809-7130\"><strong>4809-7130<\/strong><\/a><br \/><a href=\"tel:4809-7189\"><strong>4809-7189<\/strong><\/a> \/ <strong><a href=\"tel:4809-7137\">4809-7137<\/a><br \/><\/strong><a href=\"mailto:contrataciones@colegio-escribanos.org.ar\">contrataciones@colegio-escribanos.org.ar<\/a><br \/><a href=\"mailto:prestadores@colegio-escribanos.org.ar\">prestadores@colegio-escribanos.org.ar<\/a><\/p>\n<p style=\"text-align: center;\"><strong>Liquidaci\u00f3n de Prestaciones Asistenciales<br \/><\/strong><a href=\"tel:4809-7118\"><strong>4809-7118<\/strong><\/a> \/ <a href=\"tel:4809-7029\"><strong>4809-7029<\/strong><\/a><br \/><a href=\"tel:4809-7186\"><strong>4809-7186<\/strong><\/a> \/ <a href=\"tel:4809-7018\"><strong>4809-7018<\/strong><\/a><\/p>\n<p style=\"text-align: center;\"><strong>Whatsapp Mesa de ayuda<br \/><\/strong><a href=\"https:\/\/wa.me\/5491122924319?text=Hola%2C%20quiero%20hacer%20una%20consulta\" target=\"_blank\" rel=\"noopener\">+54 9 11 2292-4319<\/a><\/p>\n<p style=\"text-align: center;\"><strong>Whatsapp Caja Notarial Asistencial<br \/><\/strong><strong>(horario de atenci\u00f3n d\u00edas h\u00e1biles de 9 a 16h)<br \/><\/strong><a href=\"https:\/\/wa.me\/5491144050305?text=Hola%2C%20quiero%20hacer%20una%20consulta\" target=\"_blank\" rel=\"noopener\">+54 9 11 4405-0305<\/a><\/p>\n<p style=\"text-align: center;\">[\/et_pb_text][\/et_pb_column][\/et_pb_row][\/et_pb_section]<\/p>\n","protected":false},"excerpt":{"rendered":"<p><div class=\"et_pb_module ba_icon_box ba_icon_box_0\">\n\t\t\t\t\n\t\t\t\t\n\t\t\t\t\n\t\t\t\t\n\t\t\t\t\n\t\t\t\t\n\t\t\t\t<div class=\"et_pb_module_inner\">\n\t\t\t\t\t<div class=\"dtq-module dtq-module-parent dtq-iconbox\">\n                <div class=\"dtq-iconbox__badge\">\n                    EMERGENCIAS Y RIESGO DE VIDA: \n                <\/div> \n                <div class=\"dtq-iconbox-inner dtq-bg-support\">\n                     <div class=\"dtq-iconbox__icon-wrap\">\n                    <div class=\"dtq-iconbox__icon\">\n                        <i class=\"dtq-icon dtq-et-icon\">&#xf071;<\/i>\n                    <\/div>\n                <\/div> <h3 class=\"dtq-iconbox__title\">5555-1727 \u00f3 2821-7001<\/h3> <p class=\"dtq-iconbox__desc\"> Urgencias en territorio nacional (Fuera de CABA y GBA) 0800-333-3169 (Red Argentina de Salud) <\/p>\n                <\/div>\n            <\/div>\n\t\t\t\t<\/div>\n\t\t\t<\/div><div class=\"et_pb_module ba_flipbox ba_flipbox_0\">\n\t\t\t\t\n\t\t\t\t\n\t\t\t\t\n\t\t\t\t\n\t\t\t\t\n\t\t\t\t\n\t\t\t\t<div class=\"et_pb_module_inner\">\n\t\t\t\t\t<div class=\"dtq-module dtq-flipbox dtq-flipbox--flip dtq-flip-right\">\n                <div class=\"dtq-flipbox-inner\">\n\t\t\t\t\t<div class=\"dtq-flipbox-card-container\">\n\t\t\t\t\t\t<div class=\"dtq-flipbox-front-card dtq-flipbox-card\">\n\t\t\t\t\t\t\t<div class=\"dtq-flipbox-card-inner\">\n\t\t\t\t\t\t\t\t<div class=\"dtq-flipbox-front-content dtq-flipbox-content\">\n\t\t\t\t\t\t\t\t\t<div class=\"dtq-flipbox-figure-front\">\n\t\t\t\t\t<div class=\"dtq-flipbox-icon dtq-flipbox-icon-front\">\n                <i class=\"dtq-et-icon\"><\/i>\n            <\/div>\n\t\t\t\t<\/div>\n\t\t\t\t\t\t\t\t\t<div class=\"dtq-flipbox-content-wrap\">\n\t\t\t\t\t\t\t\t\t\t<h2 class=\"dtq-flipbox-title-front\">&#8221;URGENCIAS<\/h2>\n\t\t\t\t\t\t\t\t\t\t\n\t\t\t\t\t\t\t\t\t\t\n\t\t\t\t\t\t\t\t\t<\/div>\n\t\t\t\t\t\t\t\t<\/div>\n\t\t\t\t\t\t\t<\/div>\n\t\t\t\t\t\t<\/div>\n\t\t\t\t\t\t<div class=\"dtq-flipbox-back-card dtq-flipbox-card\">\n\t\t\t\t\t\t\t<div class=\"dtq-flipbox-card-inner\">\n\t\t\t\t\t\t\t\t<div class=\"dtq-flipbox-back-content dtq-flipbox-content\">\n\t\t\t\t\t\t\t\t\t<div class=\"dtq-flipbox-figure-back\">\n\t\t\t\t\t<div class=\"dtq-flipbox-icon dtq-flipbox-icon-back\">\n                <i class=\"dtq-et-icon\">&#x2b;<\/i>\n            <\/div>\n\t\t\t\t<\/div>\n\t\t\t\t\t\t\t\t\t<div class=\"dtq-flipbox-content-wrap\">\n\t\t\t\t\t\t\t\t\t\t<h2 class=\"dtq-flipbox-title-back\">&#8221;Centro<\/h2>\n\t\t\t\t\t\t\t\t\t\t\n\t\t\t\t\t\t\t\t\t\t<div class=\"dtq-flipbox-desc-back\">&#8221;Lunes<\/div>\n\t\t\t\t\t\t\t\t\t\t\n\t\t\t\t\t\t\t\t\t<\/div>\n\t\t\t\t\t\t\t\t<\/div>\n\t\t\t\t\t\t\t<\/div>\n\t\t\t\t\t\t<\/div>\n\t\t\t\t\t\t<div class=\"dtq-flank\"><\/div>\n\t\t\t\t\t<\/div>\n\t\t\t\t<\/div>\n            <\/div>\n\t\t\t\t<\/div>\n\t\t\t<\/div><\/p>\n","protected":false},"author":1,"featured_media":0,"parent":0,"menu_order":0,"comment_status":"closed","ping_status":"closed","template":"","meta":{"_et_pb_use_builder":"on","_et_pb_old_content":"","_et_gb_content_width":"","footnotes":""},"class_list":["post-7007","page","type-page","status-publish","hentry"],"jetpack_sharing_enabled":true,"_links":{"self":[{"href":"https:\/\/www.caja-notarial.org.ar\/index.php\/wp-json\/wp\/v2\/pages\/7007","targetHints":{"allow":["GET"]}}],"collection":[{"href":"https:\/\/www.caja-notarial.org.ar\/index.php\/wp-json\/wp\/v2\/pages"}],"about":[{"href":"https:\/\/www.caja-notarial.org.ar\/index.php\/wp-json\/wp\/v2\/types\/page"}],"author":[{"embeddable":true,"href":"https:\/\/www.caja-notarial.org.ar\/index.php\/wp-json\/wp\/v2\/users\/1"}],"replies":[{"embeddable":true,"href":"https:\/\/www.caja-notarial.org.ar\/index.php\/wp-json\/wp\/v2\/comments?post=7007"}],"version-history":[{"count":91,"href":"https:\/\/www.caja-notarial.org.ar\/index.php\/wp-json\/wp\/v2\/pages\/7007\/revisions"}],"predecessor-version":[{"id":52846,"href":"https:\/\/www.caja-notarial.org.ar\/index.php\/wp-json\/wp\/v2\/pages\/7007\/revisions\/52846"}],"wp:attachment":[{"href":"https:\/\/www.caja-notarial.org.ar\/index.php\/wp-json\/wp\/v2\/media?parent=7007"}],"curies":[{"name":"wp","href":"https:\/\/api.w.org\/{rel}","templated":true}]}}