{"id":7330,"date":"2024-02-15T10:41:22","date_gmt":"2024-02-15T13:41:22","guid":{"rendered":"https:\/\/www-new.caja-notarial.org.ar\/?page_id=7330"},"modified":"2024-11-22T16:12:33","modified_gmt":"2024-11-22T19:12:33","slug":"previsional","status":"publish","type":"page","link":"https:\/\/www.caja-notarial.org.ar\/index.php\/previsional\/","title":{"rendered":"Previsional"},"content":{"rendered":"<p>[et_pb_section fb_built=&#8221;1&#8243; _builder_version=&#8221;4.24.0&#8243; _module_preset=&#8221;default&#8221; global_colors_info=&#8221;{}&#8221;][et_pb_row _builder_version=&#8221;4.24.0&#8243; _module_preset=&#8221;default&#8221; global_colors_info=&#8221;{}&#8221;][et_pb_column type=&#8221;4_4&#8243; _builder_version=&#8221;4.24.0&#8243; _module_preset=&#8221;default&#8221; global_colors_info=&#8221;{}&#8221;][ba_alert icon=&#8221;&#x72;||divi||400&#8243; title=&#8221;Informaci\u00f3n importante para  jubilados y pensionados&#8221; description=&#8221;<\/p>\n<ul>\n<li>La fecha de cobro siempre es el ante \u00faltimo d\u00eda h\u00e1bil del mes<\/li>\n<li>La supervivencia debe realizarse en abril y octubre de cada a\u00f1o.<\/li>\n<\/ul>\n<p>&#8221; show_dismiss=&#8221;off&#8221; _builder_version=&#8221;4.24.0&#8243; _module_preset=&#8221;default&#8221; title_font=&#8221;Barlow||||||||&#8221; body_font=&#8221;Barlow||||||||&#8221; body_font_size=&#8221;20px&#8221; custom_margin=&#8221;||||false|false&#8221; custom_padding=&#8221;10px|2px||32px|false|false&#8221; custom_padding_tablet=&#8221;10px|2px||32px|false|false&#8221; custom_padding_phone=&#8221;|6px||5px|false|false&#8221; custom_padding_last_edited=&#8221;on|phone&#8221; title_font_size_tablet=&#8221;&#8221; title_font_size_phone=&#8221;17px&#8221; title_font_size_last_edited=&#8221;on|phone&#8221; body_font_size_tablet=&#8221;20px&#8221; body_font_size_phone=&#8221;16px&#8221; body_font_size_last_edited=&#8221;on|phone&#8221; global_colors_info=&#8221;{}&#8221;][\/ba_alert][\/et_pb_column][\/et_pb_row][et_pb_row column_structure=&#8221;1_3,1_3,1_3&#8243; _builder_version=&#8221;4.24.0&#8243; _module_preset=&#8221;default&#8221; locked=&#8221;off&#8221; global_colors_info=&#8221;{}&#8221;][et_pb_column type=&#8221;1_3&#8243; _builder_version=&#8221;4.24.0&#8243; _module_preset=&#8221;default&#8221; global_colors_info=&#8221;{}&#8221;][ba_card photo=&#8221;https:\/\/www.caja-notarial.org.ar\/wp-content\/uploads\/banner-jubilados-2.jpg&#8221; use_badge=&#8221;on&#8221; badge_text=&#8221;Haberes&#8221; title=&#8221;Recibo Pensionados&#8221; description=&#8221;<\/p>\n<p>Asistencial y Previsional<\/p>\n<p>&#8221; use_button=&#8221;on&#8221; button_text=&#8221;Acceder&#8221; button_link=&#8221;https:\/\/extranet.colegio-escribanos.org.ar:8449\/extranet-login\/login&#8221; image_height=&#8221;220px&#8221; admin_label=&#8221;Recibo Pensionados&#8221; _builder_version=&#8221;4.27.3&#8243; _module_preset=&#8221;default&#8221; link_option_url=&#8221;https:\/\/extranet.colegio-escribanos.org.ar:8449\/extranet-login\/login&#8221; hover_enabled=&#8221;0&#8243; global_colors_info=&#8221;{}&#8221; overlay_icon_color=&#8221;RGBA(255,255,255,0)&#8221; overlay_color=&#8221;RGBA(255,255,255,0)&#8221; sticky_enabled=&#8221;0&#8243;][\/ba_card][\/et_pb_column][et_pb_column type=&#8221;1_3&#8243; _builder_version=&#8221;4.24.0&#8243; _module_preset=&#8221;default&#8221; global_colors_info=&#8221;{}&#8221;][ba_card photo=&#8221;https:\/\/www.caja-notarial.org.ar\/wp-content\/uploads\/banner-jubilados-1.jpg&#8221; use_badge=&#8221;on&#8221; badge_text=&#8221;Haberes&#8221; title=&#8221;Recibo Jubilados&#8221; description=&#8221;<\/p>\n<p>Asistencial y Previsional<\/p>\n<p>&#8221; use_button=&#8221;on&#8221; button_text=&#8221;Acceder&#8221; button_link=&#8221;https:\/\/publico.colegio-escribanos.org.ar:8445\/LoginAccesoRestringido\/?t=XfCVL0V8r3Vd8JUvRXyvdU8oJXx1k4IeHoG7j5FccMtk1-IAEDKBNQ&#8221; image_height=&#8221;220px&#8221; btn_spacing_top=&#8221;0px&#8221; admin_label=&#8221;Recibo Jubilados&#8221; _builder_version=&#8221;4.27.3&#8243; _module_preset=&#8221;default&#8221; link_option_url=&#8221;https:\/\/publico.colegio-escribanos.org.ar:8445\/LoginAccesoRestringido\/?t=XfCVL0V8r3Vd8JUvRXyvdU8oJXx1k4IeHoG7j5FccMtk1-IAEDKBNQ&#8221; hover_enabled=&#8221;0&#8243; global_colors_info=&#8221;{}&#8221; overlay_icon_color=&#8221;RGBA(255,255,255,0)&#8221; overlay_color=&#8221;RGBA(255,255,255,0)&#8221; sticky_enabled=&#8221;0&#8243;][\/ba_card][\/et_pb_column][et_pb_column type=&#8221;1_3&#8243; _builder_version=&#8221;4.24.0&#8243; _module_preset=&#8221;default&#8221; global_colors_info=&#8221;{}&#8221;][ba_card photo=&#8221;https:\/\/www.caja-notarial.org.ar\/wp-content\/uploads\/momentos-boda-pareja-recien-casada-anillos-boda-scaled.jpg&#8221; use_badge=&#8221;on&#8221; badge_text=&#8221;Subsidio&#8221; title=&#8221;Matrimonio&#8221; description=&#8221;<\/p>\n<ul>\n<li>Beneficiarios<\/li>\n<li>Requisitos<\/li>\n<li>Documentaci\u00f3n a presentar<\/li>\n<\/ul>\n<p>&#8221; use_button=&#8221;on&#8221; button_text=&#8221;Leer m\u00e1s&#8221; button_link=&#8221;https:\/\/www.caja-notarial.org.ar\/index.php\/2024\/02\/15\/subsidio-por-matrimonio\/&#8221; image_height=&#8221;220px&#8221; btn_spacing_top=&#8221;0px&#8221; admin_label=&#8221;Matrimonio&#8221; _builder_version=&#8221;4.27.3&#8243; _module_preset=&#8221;default&#8221; link_option_url=&#8221;https:\/\/www.caja-notarial.org.ar\/index.php\/2024\/02\/15\/subsidio-por-matrimonio\/&#8221; hover_enabled=&#8221;0&#8243; global_colors_info=&#8221;{}&#8221; overlay_icon_color=&#8221;RGBA(255,255,255,0)&#8221; overlay_color=&#8221;RGBA(255,255,255,0)&#8221; sticky_enabled=&#8221;0&#8243;][\/ba_card][\/et_pb_column][\/et_pb_row][et_pb_row column_structure=&#8221;1_3,1_3,1_3&#8243; _builder_version=&#8221;4.24.0&#8243; _module_preset=&#8221;default&#8221; locked=&#8221;off&#8221; global_colors_info=&#8221;{}&#8221;][et_pb_column type=&#8221;1_3&#8243; _builder_version=&#8221;4.24.0&#8243; _module_preset=&#8221;default&#8221; global_colors_info=&#8221;{}&#8221;][ba_card photo=&#8221;https:\/\/www.caja-notarial.org.ar\/wp-content\/uploads\/pies-bebe-manos-padres-scaled.jpg&#8221; use_badge=&#8221;on&#8221; badge_text=&#8221;Subsidio&#8221; title=&#8221;Nacimiento y adopci\u00f3n&#8221; description=&#8221;<\/p>\n<ul>\n<li>Beneficiarios<\/li>\n<li>Requisitos<\/li>\n<li>Documentaci\u00f3n a presentar<\/li>\n<\/ul>\n<p>&#8221; use_button=&#8221;on&#8221; button_text=&#8221;Leer m\u00e1s&#8221; button_link=&#8221;https:\/\/www.caja-notarial.org.ar\/index.php\/2024\/02\/15\/subsidio-por-nacimiento-y-adopcion\/&#8221; image_height=&#8221;220px&#8221; btn_spacing_top=&#8221;0px&#8221; admin_label=&#8221;Nacimiento y adopci\u00f3n&#8221; _builder_version=&#8221;4.27.3&#8243; _module_preset=&#8221;default&#8221; link_option_url=&#8221;https:\/\/www.caja-notarial.org.ar\/index.php\/2024\/02\/15\/subsidio-por-nacimiento-y-adopcion\/&#8221; hover_enabled=&#8221;0&#8243; global_colors_info=&#8221;{}&#8221; overlay_color=&#8221;RGBA(255,255,255,0)&#8221; overlay_icon_color=&#8221;RGBA(255,255,255,0)&#8221; sticky_enabled=&#8221;0&#8243;][\/ba_card][\/et_pb_column][et_pb_column type=&#8221;1_3&#8243; _builder_version=&#8221;4.24.0&#8243; _module_preset=&#8221;default&#8221; global_colors_info=&#8221;{}&#8221;][ba_card photo=&#8221;https:\/\/www.caja-notarial.org.ar\/wp-content\/uploads\/ramo-boda-flores-blancas-miente-arbusto-verde-scaled.jpg&#8221; use_badge=&#8221;on&#8221; badge_text=&#8221;Subsidio&#8221; title=&#8221;Gastos de sepelio&#8221; description=&#8221;<\/p>\n<p>Formulario de solicitud<\/p>\n<p>&#8221; use_button=&#8221;on&#8221; button_text=&#8221;Leer m\u00e1s&#8221; button_link=&#8221;https:\/\/www.caja-notarial.org.ar\/index.php\/2024\/02\/15\/subsidio-por-gastos-de-sepelio\/&#8221; image_height=&#8221;220px&#8221; admin_label=&#8221;Gastos de sepelio&#8221; _builder_version=&#8221;4.27.3&#8243; _module_preset=&#8221;default&#8221; link_option_url=&#8221;https:\/\/www.caja-notarial.org.ar\/index.php\/2024\/02\/15\/subsidio-por-gastos-de-sepelio\/&#8221; hover_enabled=&#8221;0&#8243; global_colors_info=&#8221;{}&#8221; overlay_icon_color=&#8221;RGBA(255,255,255,0)&#8221; overlay_color=&#8221;RGBA(255,255,255,0)&#8221; sticky_enabled=&#8221;0&#8243;][\/ba_card][\/et_pb_column][et_pb_column type=&#8221;1_3&#8243; _builder_version=&#8221;4.24.0&#8243; _module_preset=&#8221;default&#8221; global_colors_info=&#8221;{}&#8221;][ba_card photo=&#8221;https:\/\/www.caja-notarial.org.ar\/wp-content\/uploads\/Banner-Formulario-Actualizacion.jpg&#8221; use_badge=&#8221;on&#8221; badge_text=&#8221;Datos&#8221; title=&#8221;Actualizaci\u00f3n de datos&#8221; description=&#8221;<\/p>\n<p>Formulario para Pensionados y Ex-Empleados.<\/p>\n<p>&#8221; use_button=&#8221;on&#8221; button_text=&#8221;Ingresar&#8221; button_link=&#8221;https:\/\/www.caja-notarial.org.ar\/index.php\/2024\/02\/05\/cobertura-de-medicamentos\/&#8221; image_height=&#8221;220px&#8221; btn_spacing_top=&#8221;0px&#8221; disabled_on=&#8221;on|on|on&#8221; admin_label=&#8221;Datos&#8221; _builder_version=&#8221;4.24.2&#8243; _module_preset=&#8221;default&#8221; link_option_url=&#8221;https:\/\/www.caja-notarial.org.ar\/index.php\/2024\/02\/05\/cobertura-de-medicamentos\/&#8221; disabled=&#8221;on&#8221; global_colors_info=&#8221;{}&#8221;][\/ba_card][\/et_pb_column][\/et_pb_row][et_pb_row _builder_version=&#8221;4.24.0&#8243; _module_preset=&#8221;default&#8221; global_colors_info=&#8221;{}&#8221;][et_pb_column type=&#8221;4_4&#8243; _builder_version=&#8221;4.24.0&#8243; _module_preset=&#8221;default&#8221; global_colors_info=&#8221;{}&#8221;][ba_icon_box badge_bg_color=&#8221;#253968&#8243; icon=&#8221;&#xe076;||divi||400&#8243; badge_text=&#8221;Contacto&#8221; title=&#8221;Aportes Notariales&#8221; description=&#8221;Consultas relacionadas con c\u00f3digos de actos o valores de aportes notariales enviar mail a<br \/>\n<a href=%22mailto:actosnotariales@colegio-escribanos.org.ar%22  style=%22color:#253968;%22>actosnotariales@colegio-escribanos.org.ar<\/a>&#8221; icon_color=&#8221;#FF7100&#8243; admin_label=&#8221;Contacto&#8221; _builder_version=&#8221;4.24.2&#8243; _module_preset=&#8221;default&#8221; title_font=&#8221;Barlow||||||||&#8221; description_font=&#8221;Barlow||||||||&#8221; description_font_size=&#8221;18px&#8221; badge_font=&#8221;Barlow||||||||&#8221; badge_text_color=&#8221;#FFFFFF&#8221; link_option_url=&#8221;mailto:actosnotariales@colegio-escribanos.org.ar&#8221; border_color_all_box=&#8221;#FF7100&#8243; global_colors_info=&#8221;{}&#8221;][\/ba_icon_box][\/et_pb_column][\/et_pb_row][\/et_pb_section]<\/p>\n","protected":false},"excerpt":{"rendered":"<p><div class=\"et_pb_module ba_alert ba_alert_0\">\n\t\t\t\t\n\t\t\t\t\n\t\t\t\t\n\t\t\t\t\n\t\t\t\t\n\t\t\t\t\n\t\t\t\t<div class=\"et_pb_module_inner\">\n\t\t\t\t\t<div class=\"dtq-module dtq-alert dtq-alert-danger\">\n\t\t\t\t<div class=\"dtq-alert-icon\">\n\t\t\t\t\t\t<i class=\"dtq-et-icon dtq-alert-icon-inner\">&#x72;<\/i>\n\t\t\t\t\t<\/div>\n\t\t\t\t<div class=\"dtq-alert-content\">\n\t\t\t\t\t<h5 class=\"dtq-alert-title\">Informaci\u00f3n importante para jubilados y pensionados<\/h5> <div class=\"dtq-alert-desc\"> La fecha de cobro siempre es el ante \u00faltimo d\u00eda h\u00e1bil del mes La supervivencia debe realizarse en abril y octubre de cada a\u00f1o. <\/div>\n\t\t\t\t<\/div>\n\t\t\t\t\n            <\/div>\n\t\t\t\t<\/div>\n\t\t\t<\/div><div class=\"et_pb_module ba_card ba_card_0\">\n\t\t\t\t\n\t\t\t\t\n\t\t\t\t\n\t\t\t\t\n\t\t\t\t\n\t\t\t\t\n\t\t\t\t<div class=\"et_pb_module_inner\">\n\t\t\t\t\t<div class=\"dtq-module dtq-card dtq-swapped-img-selector dtq-hover--none use-icon-off\">\n                <div class=\"dtq-figure dtq-card-figure\">\n                    <div class=\"dtq-card-badge pos--right_top\">&#8221;Haberes&#8221;<\/div>\n                    <div class=\"dtq-overlay\">\n\t\t\t\t\t\t<i class=\"dtq-overlay-icon\"><\/i>\n\t\t\t\t\t<\/div>\n                    <img decoding=\"async\" class=\"dtq-img-cover dtq-card-figure-img dtq-swapped-img \" data-mfp-src=\"\" src=\"\"  alt=\"\"\/>\n                <\/div>  \n            <\/div>\n\t\t\t\t<\/div>\n\t\t\t<\/div><\/p>\n","protected":false},"author":1,"featured_media":0,"parent":0,"menu_order":0,"comment_status":"closed","ping_status":"closed","template":"","meta":{"_et_pb_use_builder":"on","_et_pb_old_content":"","_et_gb_content_width":"","footnotes":""},"class_list":["post-7330","page","type-page","status-publish","hentry"],"jetpack_sharing_enabled":true,"_links":{"self":[{"href":"https:\/\/www.caja-notarial.org.ar\/index.php\/wp-json\/wp\/v2\/pages\/7330","targetHints":{"allow":["GET"]}}],"collection":[{"href":"https:\/\/www.caja-notarial.org.ar\/index.php\/wp-json\/wp\/v2\/pages"}],"about":[{"href":"https:\/\/www.caja-notarial.org.ar\/index.php\/wp-json\/wp\/v2\/types\/page"}],"author":[{"embeddable":true,"href":"https:\/\/www.caja-notarial.org.ar\/index.php\/wp-json\/wp\/v2\/users\/1"}],"replies":[{"embeddable":true,"href":"https:\/\/www.caja-notarial.org.ar\/index.php\/wp-json\/wp\/v2\/comments?post=7330"}],"version-history":[{"count":27,"href":"https:\/\/www.caja-notarial.org.ar\/index.php\/wp-json\/wp\/v2\/pages\/7330\/revisions"}],"predecessor-version":[{"id":50877,"href":"https:\/\/www.caja-notarial.org.ar\/index.php\/wp-json\/wp\/v2\/pages\/7330\/revisions\/50877"}],"wp:attachment":[{"href":"https:\/\/www.caja-notarial.org.ar\/index.php\/wp-json\/wp\/v2\/media?parent=7330"}],"curies":[{"name":"wp","href":"https:\/\/api.w.org\/{rel}","templated":true}]}}